{"id":2117,"date":"2023-07-05T11:05:39","date_gmt":"2023-07-05T09:05:39","guid":{"rendered":"https:\/\/www.visipricing.com\/?page_id=2117"},"modified":"2024-10-22T15:17:54","modified_gmt":"2024-10-22T13:17:54","slug":"leistungen","status":"publish","type":"page","link":"https:\/\/www.visipricing.com\/en\/leistungen\/","title":{"rendered":"Services"},"content":{"rendered":"\t\t<div data-elementor-type=\"wp-page\" data-elementor-id=\"2117\" class=\"elementor elementor-2117\" data-elementor-post-type=\"page\">\n\t\t\t\t\t\t<section class=\"elementor-section elementor-top-section elementor-element elementor-element-f3305e6 elementor-section-height-min-height elementor-section-content-middle elementor-section-items-bottom elementor-section-boxed elementor-section-height-default\" data-id=\"f3305e6\" data-element_type=\"section\" data-e-type=\"section\" data-settings=\"{&quot;background_background&quot;:&quot;classic&quot;}\">\n\t\t\t\t\t\t\t<div class=\"elementor-background-overlay\"><\/div>\n\t\t\t\t\t\t\t<div class=\"elementor-container elementor-column-gap-no\">\n\t\t\t\t\t<div class=\"elementor-column elementor-col-100 elementor-top-column elementor-element elementor-element-21a645b\" data-id=\"21a645b\" data-element_type=\"column\" data-e-type=\"column\">\n\t\t\t<div class=\"elementor-widget-wrap elementor-element-populated\">\n\t\t\t\t\t\t<div class=\"elementor-element elementor-element-98962b4 elementor-widget elementor-widget-heading\" data-id=\"98962b4\" data-element_type=\"widget\" data-e-type=\"widget\" data-widget_type=\"heading.default\">\n\t\t\t\t<div class=\"elementor-widget-container\">\n\t\t\t\t\t<h2 class=\"elementor-heading-title elementor-size-default\">Unsere Server <\/br>\nstehen in Deutschland<\/h2>\t\t\t\t<\/div>\n\t\t\t\t<\/div>\n\t\t\t\t\t<\/div>\n\t\t<\/div>\n\t\t\t\t\t<\/div>\n\t\t<\/section>\n\t\t\t\t<section class=\"elementor-section elementor-top-section elementor-element elementor-element-d428421 elementor-section-boxed elementor-section-height-default elementor-section-height-default\" data-id=\"d428421\" data-element_type=\"section\" data-e-type=\"section\" data-settings=\"{&quot;background_background&quot;:&quot;classic&quot;}\">\n\t\t\t\t\t\t\t<div class=\"elementor-background-overlay\"><\/div>\n\t\t\t\t\t\t\t<div class=\"elementor-container elementor-column-gap-no\">\n\t\t\t\t\t<div class=\"elementor-column elementor-col-100 elementor-top-column elementor-element elementor-element-4b4521b\" data-id=\"4b4521b\" data-element_type=\"column\" data-e-type=\"column\">\n\t\t\t<div class=\"elementor-widget-wrap elementor-element-populated\">\n\t\t\t\t\t\t<div class=\"elementor-element elementor-element-0e20291 elementor-widget elementor-widget-heading\" data-id=\"0e20291\" data-element_type=\"widget\" data-e-type=\"widget\" data-widget_type=\"heading.default\">\n\t\t\t\t<div class=\"elementor-widget-container\">\n\t\t\t\t\t<h1 class=\"elementor-heading-title elementor-size-default\">VisiPricing: Alle Tarife und Preisvereinbarungen in einem System!<\/h1>\t\t\t\t<\/div>\n\t\t\t\t<\/div>\n\t\t\t\t<div class=\"elementor-element elementor-element-cb7dade elementor-widget elementor-widget-heading\" data-id=\"cb7dade\" data-element_type=\"widget\" data-e-type=\"widget\" data-widget_type=\"heading.default\">\n\t\t\t\t<div class=\"elementor-widget-container\">\n\t\t\t\t\t<h4 class=\"elementor-heading-title elementor-size-default\">VisiPricing bietet Ihnen als Containertransportpreisverwaltung die M\u00f6glichkeit, Preise zu managen, Tarife zu erstellen, Preisberechnungen durchzuf\u00fchren und Ihre Auftr\u00e4ge nahtlos abzuwickeln.<\/h4>\t\t\t\t<\/div>\n\t\t\t\t<\/div>\n\t\t\t\t<section class=\"elementor-section elementor-inner-section elementor-element elementor-element-accf404 elementor-section-boxed elementor-section-height-default elementor-section-height-default\" data-id=\"accf404\" data-element_type=\"section\" data-e-type=\"section\">\n\t\t\t\t\t\t<div class=\"elementor-container elementor-column-gap-no\">\n\t\t\t\t\t<div class=\"elementor-column elementor-col-50 elementor-inner-column elementor-element elementor-element-3538ff3\" data-id=\"3538ff3\" data-element_type=\"column\" data-e-type=\"column\">\n\t\t\t<div class=\"elementor-widget-wrap elementor-element-populated\">\n\t\t\t\t\t\t<div class=\"elementor-element elementor-element-2d6e4f8 elementor-widget elementor-widget-text-editor\" data-id=\"2d6e4f8\" data-element_type=\"widget\" data-e-type=\"widget\" data-widget_type=\"text-editor.default\">\n\t\t\t\t<div class=\"elementor-widget-container\">\n\t\t\t\t\t\t\t\t\t<p>Sie erhalten einen klaren \u00dcberblick \u00fcber alle Preise und Tarife. Befreien Sie sich von undurchsichtigen Preisstrukturen und schaffen Sie Vertrauen in Ihren Gesch\u00e4ftsbeziehungen. Optimieren Sie Ihre Gesch\u00e4ftsprozesse und sparen Sie wertvolle Zeit.<\/p><p>Verkn\u00fcpfen Sie die Preisfindung direkt mit der Auftragsverwaltung und reduzieren Sie Fehler f\u00fcr eine reibungslose Abwicklung. Vergleichen und kombinieren Sie Preise f\u00fcr verschiedene Verkehrstr\u00e4ger und finden Sie optimierte Transportwege.<\/p><p>Senken Sie Kosten und verbessern Sie gleichzeitig Ihre Transportprozesse. Gestalten Sie umweltfreundliche Transportl\u00f6sungen, indem Sie verschiedene Transportarten kombinieren und CO2-Emissionen reduzieren.<\/p><p><strong>Mit VisiPricing tragen Sie zur Schaffung einer nachhaltigen Zukunft bei.<\/strong><\/p>\t\t\t\t\t\t\t\t<\/div>\n\t\t\t\t<\/div>\n\t\t\t\t\t<\/div>\n\t\t<\/div>\n\t\t\t\t<div class=\"elementor-column elementor-col-50 elementor-inner-column elementor-element elementor-element-bc026c3\" data-id=\"bc026c3\" data-element_type=\"column\" data-e-type=\"column\">\n\t\t\t<div class=\"elementor-widget-wrap elementor-element-populated\">\n\t\t\t\t\t\t<div class=\"elementor-element elementor-element-47db92f elementor-widget elementor-widget-image\" data-id=\"47db92f\" data-element_type=\"widget\" data-e-type=\"widget\" data-widget_type=\"image.default\">\n\t\t\t\t<div class=\"elementor-widget-container\">\n\t\t\t\t\t\t\t\t\t\t\t\t\t\t\t<img fetchpriority=\"high\" decoding=\"async\" width=\"800\" height=\"534\" src=\"https:\/\/www.visipricing.com\/wp-content\/uploads\/2023\/06\/visitrans_container-terminal.jpg\" class=\"attachment-large size-large wp-image-1522\" alt=\"\" srcset=\"https:\/\/www.visipricing.com\/wp-content\/uploads\/2023\/06\/visitrans_container-terminal.jpg 1000w, https:\/\/www.visipricing.com\/wp-content\/uploads\/2023\/06\/visitrans_container-terminal-300x200.jpg 300w, https:\/\/www.visipricing.com\/wp-content\/uploads\/2023\/06\/visitrans_container-terminal-768x513.jpg 768w, https:\/\/www.visipricing.com\/wp-content\/uploads\/2023\/06\/visitrans_container-terminal-18x12.jpg 18w\" sizes=\"(max-width: 800px) 100vw, 800px\" \/>\t\t\t\t\t\t\t\t\t\t\t\t\t\t\t<\/div>\n\t\t\t\t<\/div>\n\t\t\t\t\t<\/div>\n\t\t<\/div>\n\t\t\t\t\t<\/div>\n\t\t<\/section>\n\t\t\t\t\t<\/div>\n\t\t<\/div>\n\t\t\t\t\t<\/div>\n\t\t<\/section>\n\t\t\t\t<section class=\"elementor-section elementor-top-section elementor-element elementor-element-71a3e89 elementor-section-content-middle elementor-section-boxed elementor-section-height-default elementor-section-height-default\" data-id=\"71a3e89\" data-element_type=\"section\" data-e-type=\"section\" data-settings=\"{&quot;background_background&quot;:&quot;classic&quot;}\">\n\t\t\t\t\t\t<div class=\"elementor-container elementor-column-gap-no\">\n\t\t\t\t\t<div class=\"elementor-column elementor-col-100 elementor-top-column elementor-element elementor-element-d8430e5\" data-id=\"d8430e5\" data-element_type=\"column\" data-e-type=\"column\">\n\t\t\t<div class=\"elementor-widget-wrap elementor-element-populated\">\n\t\t\t\t\t\t<div class=\"elementor-element elementor-element-29f3f6c elementor-widget elementor-widget-heading\" data-id=\"29f3f6c\" data-element_type=\"widget\" data-e-type=\"widget\" data-widget_type=\"heading.default\">\n\t\t\t\t<div class=\"elementor-widget-container\">\n\t\t\t\t\t<h2 class=\"elementor-heading-title elementor-size-default\">Haben wir Sie \u00fcberzeugt?<\/h2>\t\t\t\t<\/div>\n\t\t\t\t<\/div>\n\t\t\t\t<div class=\"elementor-element elementor-element-2c563a0f elementor-widget elementor-widget-heading\" data-id=\"2c563a0f\" data-element_type=\"widget\" data-e-type=\"widget\" data-widget_type=\"heading.default\">\n\t\t\t\t<div class=\"elementor-widget-container\">\n\t\t\t\t\t<h4 class=\"elementor-heading-title elementor-size-default\">Fordern Sie noch heute eine Zugang zum Demosystem an.<\/h4>\t\t\t\t<\/div>\n\t\t\t\t<\/div>\n\t\t\t\t<div class=\"elementor-element elementor-element-75a5651c elementor-button-align-stretch elementor-widget elementor-widget-form\" data-id=\"75a5651c\" data-element_type=\"widget\" data-e-type=\"widget\" data-settings=\"{&quot;button_width&quot;:&quot;25&quot;,&quot;step_next_label&quot;:&quot;N\\u00e4chster&quot;,&quot;step_previous_label&quot;:&quot;Voriger&quot;,&quot;step_type&quot;:&quot;number_text&quot;,&quot;step_icon_shape&quot;:&quot;circle&quot;}\" data-widget_type=\"form.default\">\n\t\t\t\t<div class=\"elementor-widget-container\">\n\t\t\t\t\t\t\t<form class=\"elementor-form\" method=\"post\" name=\"New Form\">\n\t\t\t<input type=\"hidden\" name=\"post_id\" value=\"2117\"\/>\n\t\t\t<input type=\"hidden\" name=\"form_id\" value=\"75a5651c\"\/>\n\t\t\t<input type=\"hidden\" name=\"referer_title\" value=\"VisiPricing\" \/>\n\n\t\t\t\n\t\t\t<div class=\"elementor-form-fields-wrapper elementor-labels-\">\n\t\t\t\t\t\t\t\t<div class=\"elementor-field-type-text elementor-field-group elementor-column elementor-field-group-bbb6253 elementor-col-25 elementor-field-required\">\n\t\t\t\t\t\t\t\t\t\t\t\t<label for=\"form-field-bbb6253\" class=\"elementor-field-label elementor-screen-only\">\n\t\t\t\t\t\t\t\tVor- u. Nachname\t\t\t\t\t\t\t<\/label>\n\t\t\t\t\t\t\t\t\t\t\t\t\t\t<input size=\"1\" type=\"text\" name=\"form_fields[bbb6253]\" id=\"form-field-bbb6253\" class=\"elementor-field elementor-size-md  elementor-field-textual\" placeholder=\"Vor- u. Nachname\" required=\"required\" aria-required=\"true\">\n\t\t\t\t\t\t\t\t\t\t\t<\/div>\n\t\t\t\t\t\t\t\t<div class=\"elementor-field-type-text elementor-field-group elementor-column elementor-field-group-3bfa688 elementor-col-25\">\n\t\t\t\t\t\t\t\t\t\t\t\t<label for=\"form-field-3bfa688\" class=\"elementor-field-label elementor-screen-only\">\n\t\t\t\t\t\t\t\tFirma\t\t\t\t\t\t\t<\/label>\n\t\t\t\t\t\t\t\t\t\t\t\t\t\t<input size=\"1\" type=\"text\" name=\"form_fields[3bfa688]\" id=\"form-field-3bfa688\" class=\"elementor-field elementor-size-md  elementor-field-textual\" placeholder=\"Firma\">\n\t\t\t\t\t\t\t\t\t\t\t<\/div>\n\t\t\t\t\t\t\t\t<div class=\"elementor-field-type-email elementor-field-group elementor-column elementor-field-group-email elementor-col-25 elementor-field-required\">\n\t\t\t\t\t\t\t\t\t\t\t\t<label for=\"form-field-email\" class=\"elementor-field-label elementor-screen-only\">\n\t\t\t\t\t\t\t\tE-Mail\t\t\t\t\t\t\t<\/label>\n\t\t\t\t\t\t\t\t\t\t\t\t\t\t<input size=\"1\" type=\"email\" name=\"form_fields[email]\" id=\"form-field-email\" class=\"elementor-field elementor-size-md  elementor-field-textual\" placeholder=\"Ihre E-Mail\" required=\"required\" aria-required=\"true\">\n\t\t\t\t\t\t\t\t\t\t\t<\/div>\n\t\t\t\t\t\t\t\t<div class=\"elementor-field-type-text\">\n\t\t\t\t\t<input size=\"1\" type=\"text\" name=\"form_fields[field_e464b9d]\" id=\"form-field-field_e464b9d\" class=\"elementor-field elementor-size-md \" style=\"display:none !important;\">\t\t\t\t<\/div>\n\t\t\t\t\t\t\t\t<div class=\"elementor-field-group elementor-column elementor-field-type-submit elementor-col-25 e-form__buttons\">\n\t\t\t\t\t<button type=\"submit\" class=\"elementor-button elementor-size-md\">\n\t\t\t\t\t\t<span >\n\t\t\t\t\t\t\t\t\t\t\t\t\t\t\t<span class=\" elementor-button-icon\">\n\t\t\t\t\t\t\t\t\t\t\t\t\t\t\t\t\t\t\t\t\t\t\t\t\t\t<\/span>\n\t\t\t\t\t\t\t\t\t\t\t\t\t\t\t\t\t\t\t\t\t\t<span class=\"elementor-button-text\">Anmelden<\/span>\n\t\t\t\t\t\t\t\t\t\t\t\t\t<\/span>\n\t\t\t\t\t<\/button>\n\t\t\t\t<\/div>\n\t\t\t<\/div>\n\t\t<\/form>\n\t\t\t\t\t\t<\/div>\n\t\t\t\t<\/div>\n\t\t\t\t\t<\/div>\n\t\t<\/div>\n\t\t\t\t\t<\/div>\n\t\t<\/section>\n\t\t\t\t<\/div>\n\t\t","protected":false},"excerpt":{"rendered":"<p>Unsere Server stehen in Deutschland VisiPricing: Alle Tarife und Preisvereinbarungen in einem System! VisiPricing bietet Ihnen als Containertransportpreisverwaltung die M\u00f6glichkeit, Preise zu managen, Tarife zu erstellen, Preisberechnungen durchzuf\u00fchren und Ihre Auftr\u00e4ge nahtlos abzuwickeln. Sie erhalten einen klaren \u00dcberblick \u00fcber alle Preise und Tarife. Befreien Sie sich von undurchsichtigen Preisstrukturen und schaffen Sie Vertrauen in Ihren [&hellip;]<\/p>\n","protected":false},"author":1,"featured_media":0,"parent":0,"menu_order":30,"comment_status":"closed","ping_status":"closed","template":"elementor_header_footer","meta":{"footnotes":""},"class_list":["post-2117","page","type-page","status-publish","hentry"],"yoast_head":"<!-- This site is optimized with the Yoast SEO plugin v27.5 - https:\/\/yoast.com\/product\/yoast-seo-wordpress\/ -->\n<title>Leistungen - VisiPricing<\/title>\n<meta name=\"description\" content=\"Intelligentes Management Ihres Messegel\u00e4ndes. Das Planungssystem von VisiFair bringt Ordnung auf Ihre Messegel\u00e4nde.\" \/>\n<meta name=\"robots\" content=\"index, follow, max-snippet:-1, max-image-preview:large, max-video-preview:-1\" \/>\n<link rel=\"canonical\" href=\"https:\/\/www.visipricing.com\/en\/leistungen\/\" \/>\n<meta property=\"og:locale\" content=\"en_US\" \/>\n<meta property=\"og:type\" content=\"article\" \/>\n<meta property=\"og:title\" content=\"Leistungen - VisiPricing\" \/>\n<meta property=\"og:description\" content=\"Intelligentes Management Ihres Messegel\u00e4ndes. Das Planungssystem von VisiFair bringt Ordnung auf Ihre Messegel\u00e4nde.\" \/>\n<meta property=\"og:url\" content=\"https:\/\/www.visipricing.com\/en\/leistungen\/\" \/>\n<meta property=\"og:site_name\" content=\"VisiPricing\" \/>\n<meta property=\"article:modified_time\" content=\"2024-10-22T13:17:54+00:00\" \/>\n<meta property=\"og:image\" content=\"https:\/\/www.visipricing.com\/wp-content\/uploads\/2023\/06\/visitrans_container-terminal.jpg\" \/>\n\t<meta property=\"og:image:width\" content=\"1000\" \/>\n\t<meta property=\"og:image:height\" content=\"668\" \/>\n\t<meta property=\"og:image:type\" content=\"image\/jpeg\" \/>\n<meta name=\"twitter:card\" content=\"summary_large_image\" \/>\n<meta name=\"twitter:label1\" content=\"Est. reading time\" \/>\n\t<meta name=\"twitter:data1\" content=\"1 minute\" \/>\n<script type=\"application\/ld+json\" class=\"yoast-schema-graph\">{\"@context\":\"https:\\\/\\\/schema.org\",\"@graph\":[{\"@type\":\"WebPage\",\"@id\":\"https:\\\/\\\/www.visipricing.com\\\/leistungen\\\/\",\"url\":\"https:\\\/\\\/www.visipricing.com\\\/leistungen\\\/\",\"name\":\"Leistungen - VisiPricing\",\"isPartOf\":{\"@id\":\"https:\\\/\\\/www.visipricing.com\\\/#website\"},\"primaryImageOfPage\":{\"@id\":\"https:\\\/\\\/www.visipricing.com\\\/leistungen\\\/#primaryimage\"},\"image\":{\"@id\":\"https:\\\/\\\/www.visipricing.com\\\/leistungen\\\/#primaryimage\"},\"thumbnailUrl\":\"https:\\\/\\\/www.visipricing.com\\\/wp-content\\\/uploads\\\/2023\\\/06\\\/visitrans_container-terminal.jpg\",\"datePublished\":\"2023-07-05T09:05:39+00:00\",\"dateModified\":\"2024-10-22T13:17:54+00:00\",\"description\":\"Intelligentes Management Ihres Messegel\u00e4ndes. Das Planungssystem von VisiFair bringt Ordnung auf Ihre Messegel\u00e4nde.\",\"breadcrumb\":{\"@id\":\"https:\\\/\\\/www.visipricing.com\\\/leistungen\\\/#breadcrumb\"},\"inLanguage\":\"en-US\",\"potentialAction\":[{\"@type\":\"ReadAction\",\"target\":[\"https:\\\/\\\/www.visipricing.com\\\/leistungen\\\/\"]}]},{\"@type\":\"ImageObject\",\"inLanguage\":\"en-US\",\"@id\":\"https:\\\/\\\/www.visipricing.com\\\/leistungen\\\/#primaryimage\",\"url\":\"https:\\\/\\\/www.visipricing.com\\\/wp-content\\\/uploads\\\/2023\\\/06\\\/visitrans_container-terminal.jpg\",\"contentUrl\":\"https:\\\/\\\/www.visipricing.com\\\/wp-content\\\/uploads\\\/2023\\\/06\\\/visitrans_container-terminal.jpg\"},{\"@type\":\"BreadcrumbList\",\"@id\":\"https:\\\/\\\/www.visipricing.com\\\/leistungen\\\/#breadcrumb\",\"itemListElement\":[{\"@type\":\"ListItem\",\"position\":1,\"name\":\"Home\",\"item\":\"https:\\\/\\\/www.visipricing.com\\\/\"},{\"@type\":\"ListItem\",\"position\":2,\"name\":\"Leistungen\"}]},{\"@type\":\"WebSite\",\"@id\":\"https:\\\/\\\/www.visipricing.com\\\/#website\",\"url\":\"https:\\\/\\\/www.visipricing.com\\\/\",\"name\":\"VisiPricing\",\"description\":\"Smart Tariff Management\",\"publisher\":{\"@id\":\"https:\\\/\\\/www.visipricing.com\\\/#organization\"},\"potentialAction\":[{\"@type\":\"SearchAction\",\"target\":{\"@type\":\"EntryPoint\",\"urlTemplate\":\"https:\\\/\\\/www.visipricing.com\\\/?s={search_term_string}\"},\"query-input\":{\"@type\":\"PropertyValueSpecification\",\"valueRequired\":true,\"valueName\":\"search_term_string\"}}],\"inLanguage\":\"en-US\"},{\"@type\":\"Organization\",\"@id\":\"https:\\\/\\\/www.visipricing.com\\\/#organization\",\"name\":\"VisiFair.com\",\"url\":\"https:\\\/\\\/www.visipricing.com\\\/\",\"logo\":{\"@type\":\"ImageObject\",\"inLanguage\":\"en-US\",\"@id\":\"https:\\\/\\\/www.visipricing.com\\\/#\\\/schema\\\/logo\\\/image\\\/\",\"url\":\"https:\\\/\\\/www.visipricing.com\\\/wp-content\\\/uploads\\\/2021\\\/01\\\/cropped-visifair-logo-1.png\",\"contentUrl\":\"https:\\\/\\\/www.visipricing.com\\\/wp-content\\\/uploads\\\/2021\\\/01\\\/cropped-visifair-logo-1.png\",\"width\":458,\"height\":80,\"caption\":\"VisiFair.com\"},\"image\":{\"@id\":\"https:\\\/\\\/www.visipricing.com\\\/#\\\/schema\\\/logo\\\/image\\\/\"}}]}<\/script>\n<!-- \/ Yoast SEO plugin. -->","yoast_head_json":{"title":"Leistungen - VisiPricing","description":"Intelligentes Management Ihres Messegel\u00e4ndes. Das Planungssystem von VisiFair bringt Ordnung auf Ihre Messegel\u00e4nde.","robots":{"index":"index","follow":"follow","max-snippet":"max-snippet:-1","max-image-preview":"max-image-preview:large","max-video-preview":"max-video-preview:-1"},"canonical":"https:\/\/www.visipricing.com\/en\/leistungen\/","og_locale":"en_US","og_type":"article","og_title":"Leistungen - VisiPricing","og_description":"Intelligentes Management Ihres Messegel\u00e4ndes. Das Planungssystem von VisiFair bringt Ordnung auf Ihre Messegel\u00e4nde.","og_url":"https:\/\/www.visipricing.com\/en\/leistungen\/","og_site_name":"VisiPricing","article_modified_time":"2024-10-22T13:17:54+00:00","og_image":[{"width":1000,"height":668,"url":"https:\/\/www.visipricing.com\/wp-content\/uploads\/2023\/06\/visitrans_container-terminal.jpg","type":"image\/jpeg"}],"twitter_card":"summary_large_image","twitter_misc":{"Est. reading time":"1 minute"},"schema":{"@context":"https:\/\/schema.org","@graph":[{"@type":"WebPage","@id":"https:\/\/www.visipricing.com\/leistungen\/","url":"https:\/\/www.visipricing.com\/leistungen\/","name":"Leistungen - VisiPricing","isPartOf":{"@id":"https:\/\/www.visipricing.com\/#website"},"primaryImageOfPage":{"@id":"https:\/\/www.visipricing.com\/leistungen\/#primaryimage"},"image":{"@id":"https:\/\/www.visipricing.com\/leistungen\/#primaryimage"},"thumbnailUrl":"https:\/\/www.visipricing.com\/wp-content\/uploads\/2023\/06\/visitrans_container-terminal.jpg","datePublished":"2023-07-05T09:05:39+00:00","dateModified":"2024-10-22T13:17:54+00:00","description":"Intelligentes Management Ihres Messegel\u00e4ndes. Das Planungssystem von VisiFair bringt Ordnung auf Ihre Messegel\u00e4nde.","breadcrumb":{"@id":"https:\/\/www.visipricing.com\/leistungen\/#breadcrumb"},"inLanguage":"en-US","potentialAction":[{"@type":"ReadAction","target":["https:\/\/www.visipricing.com\/leistungen\/"]}]},{"@type":"ImageObject","inLanguage":"en-US","@id":"https:\/\/www.visipricing.com\/leistungen\/#primaryimage","url":"https:\/\/www.visipricing.com\/wp-content\/uploads\/2023\/06\/visitrans_container-terminal.jpg","contentUrl":"https:\/\/www.visipricing.com\/wp-content\/uploads\/2023\/06\/visitrans_container-terminal.jpg"},{"@type":"BreadcrumbList","@id":"https:\/\/www.visipricing.com\/leistungen\/#breadcrumb","itemListElement":[{"@type":"ListItem","position":1,"name":"Home","item":"https:\/\/www.visipricing.com\/"},{"@type":"ListItem","position":2,"name":"Leistungen"}]},{"@type":"WebSite","@id":"https:\/\/www.visipricing.com\/#website","url":"https:\/\/www.visipricing.com\/","name":"VisiPricing","description":"Smart Tariff Management","publisher":{"@id":"https:\/\/www.visipricing.com\/#organization"},"potentialAction":[{"@type":"SearchAction","target":{"@type":"EntryPoint","urlTemplate":"https:\/\/www.visipricing.com\/?s={search_term_string}"},"query-input":{"@type":"PropertyValueSpecification","valueRequired":true,"valueName":"search_term_string"}}],"inLanguage":"en-US"},{"@type":"Organization","@id":"https:\/\/www.visipricing.com\/#organization","name":"VisiFair.com","url":"https:\/\/www.visipricing.com\/","logo":{"@type":"ImageObject","inLanguage":"en-US","@id":"https:\/\/www.visipricing.com\/#\/schema\/logo\/image\/","url":"https:\/\/www.visipricing.com\/wp-content\/uploads\/2021\/01\/cropped-visifair-logo-1.png","contentUrl":"https:\/\/www.visipricing.com\/wp-content\/uploads\/2021\/01\/cropped-visifair-logo-1.png","width":458,"height":80,"caption":"VisiFair.com"},"image":{"@id":"https:\/\/www.visipricing.com\/#\/schema\/logo\/image\/"}}]}},"_links":{"self":[{"href":"https:\/\/www.visipricing.com\/en\/wp-json\/wp\/v2\/pages\/2117","targetHints":{"allow":["GET"]}}],"collection":[{"href":"https:\/\/www.visipricing.com\/en\/wp-json\/wp\/v2\/pages"}],"about":[{"href":"https:\/\/www.visipricing.com\/en\/wp-json\/wp\/v2\/types\/page"}],"author":[{"embeddable":true,"href":"https:\/\/www.visipricing.com\/en\/wp-json\/wp\/v2\/users\/1"}],"replies":[{"embeddable":true,"href":"https:\/\/www.visipricing.com\/en\/wp-json\/wp\/v2\/comments?post=2117"}],"version-history":[{"count":59,"href":"https:\/\/www.visipricing.com\/en\/wp-json\/wp\/v2\/pages\/2117\/revisions"}],"predecessor-version":[{"id":2601,"href":"https:\/\/www.visipricing.com\/en\/wp-json\/wp\/v2\/pages\/2117\/revisions\/2601"}],"wp:attachment":[{"href":"https:\/\/www.visipricing.com\/en\/wp-json\/wp\/v2\/media?parent=2117"}],"curies":[{"name":"wp","href":"https:\/\/api.w.org\/{rel}","templated":true}]}}